{"id":852,"date":"2018-08-31T14:13:22","date_gmt":"2018-08-31T17:13:22","guid":{"rendered":"https:\/\/enssanmartin-sjn.infd.edu.ar\/sitio\/datos-institucionales\/"},"modified":"2021-08-20T17:23:09","modified_gmt":"2021-08-20T20:23:09","slug":"datos-institucionales","status":"publish","type":"page","link":"https:\/\/enssanmartin-sjn.infd.edu.ar\/sitio\/datos-institucionales\/","title":{"rendered":"Datos institucionales"},"content":{"rendered":"<p style=\"text-align: center;\"><span style=\"font-family: verdana; color: #0000ff; font-size: x-small;\"><strong><span style=\"font-size: 12pt;\"><span style=\"font-family: tahoma,arial,helvetica,sans-serif;\">\u00a0INSTITUTO SUPERIOR DE FORMACI\u00d3N DOCENTE<\/span><\/span><\/strong><\/span><\/p>\n<p style=\"text-align: center;\"><span style=\"font-family: verdana; color: #0000ff; font-size: x-small;\"><strong><span style=\"font-size: small;\"><span style=\"font-size: 12pt;\"><span style=\"font-family: tahoma,arial,helvetica,sans-serif;\">ESCUELA NORMAL SUPERIOR GENERAL SAN MART\u00cdN<\/span><\/span><\/span><\/strong><\/span><\/p>\n<p style=\"text-align: left;\">\n<p style=\"text-align: left;\"><span style=\"font-size: 12pt;\"><span style=\"font-family: tahoma,arial,helvetica,sans-serif;\">Horario: 17,30 a 21,30 hs <\/span><\/span><\/p>\n<p style=\"text-align: left;\"><span style=\"font-size: 12pt;\"><span style=\"font-family: tahoma,arial,helvetica,sans-serif;\">Direcci\u00f3n: Estados Unidos 500 Sur &#8211; Capital &#8211; Provincia San Juan<\/span><\/span><\/p>\n<p style=\"text-align: left;\"><span style=\"font-size: 12pt;\"><span style=\"font-family: tahoma,arial,helvetica,sans-serif;\">Tel\u00e9fonos: 0264 &#8211; 4302511<\/span><\/span><\/p>\n<p style=\"text-align: left;\"><span style=\"font-family: tahoma,arial,helvetica,sans-serif; font-size: 12pt;\">CUE: 700060500<\/span><\/p>\n<p><span style=\"font-family: tahoma,arial,helvetica,sans-serif; font-size: 12pt;\">Carreras:<\/span><\/p>\n<p style=\"text-align: center;\"><span style=\"color: #0000ff;\"><strong><span style=\"font-family: tahoma,arial,helvetica,sans-serif; font-size: 12pt;\">Profesorado de Educaci\u00f3n Inicial<\/span><\/strong><\/span><\/p>\n<p style=\"text-align: center;\"><span style=\"color: #0000ff;\"><strong><span style=\"font-family: tahoma,arial,helvetica,sans-serif; font-size: 12pt;\">Profesorado de Educaci\u00f3n Primaria<\/span><\/strong><\/span><\/p>\n<p style=\"text-align: left;\">\n<p style=\"text-align: center;\">\n","protected":false},"excerpt":{"rendered":"<p>\u00a0INSTITUTO SUPERIOR DE FORMACI\u00d3N DOCENTE ESCUELA NORMAL SUPERIOR GENERAL SAN MART\u00cdN Horario: 17,30 a 21,30 hs Direcci\u00f3n: Estados Unidos 500 Sur &#8211; Capital &#8211; Provincia San Juan Tel\u00e9fonos: 0264 &#8211; 4302511 CUE: 700060500 Carreras: Profesorado de Educaci\u00f3n Inicial Profesorado de Educaci\u00f3n Primaria<\/p>\n","protected":false},"author":659,"featured_media":0,"parent":0,"menu_order":0,"comment_status":"closed","ping_status":"closed","template":"","meta":[],"acf":[],"_links":{"self":[{"href":"https:\/\/enssanmartin-sjn.infd.edu.ar\/sitio\/wp-json\/wp\/v2\/pages\/852"}],"collection":[{"href":"https:\/\/enssanmartin-sjn.infd.edu.ar\/sitio\/wp-json\/wp\/v2\/pages"}],"about":[{"href":"https:\/\/enssanmartin-sjn.infd.edu.ar\/sitio\/wp-json\/wp\/v2\/types\/page"}],"author":[{"embeddable":true,"href":"https:\/\/enssanmartin-sjn.infd.edu.ar\/sitio\/wp-json\/wp\/v2\/users\/659"}],"replies":[{"embeddable":true,"href":"https:\/\/enssanmartin-sjn.infd.edu.ar\/sitio\/wp-json\/wp\/v2\/comments?post=852"}],"version-history":[{"count":1,"href":"https:\/\/enssanmartin-sjn.infd.edu.ar\/sitio\/wp-json\/wp\/v2\/pages\/852\/revisions"}],"predecessor-version":[{"id":1607,"href":"https:\/\/enssanmartin-sjn.infd.edu.ar\/sitio\/wp-json\/wp\/v2\/pages\/852\/revisions\/1607"}],"wp:attachment":[{"href":"https:\/\/enssanmartin-sjn.infd.edu.ar\/sitio\/wp-json\/wp\/v2\/media?parent=852"}],"curies":[{"name":"wp","href":"https:\/\/api.w.org\/{rel}","templated":true}]}}